{"id":123,"date":"2024-08-10T07:37:16","date_gmt":"2024-08-10T07:37:16","guid":{"rendered":"https:\/\/naiarapuertas.com\/?page_id=123"},"modified":"2025-08-29T13:32:49","modified_gmt":"2025-08-29T11:32:49","slug":"nosotros","status":"publish","type":"page","link":"https:\/\/naiarapuertas.com\/ca\/nosotros\/","title":{"rendered":"Nosaltres"},"content":{"rendered":"<div data-elementor-type=\"wp-page\" data-elementor-id=\"123\" class=\"elementor elementor-123\" data-elementor-post-type=\"page\">\n\t\t\t\t<div class=\"elementor-element elementor-element-08ff13b e-flex e-con-boxed e-con e-parent\" data-id=\"08ff13b\" data-element_type=\"container\" data-settings=\"{&quot;background_background&quot;:&quot;classic&quot;}\">\n\t\t\t\t\t<div class=\"e-con-inner\">\n\t\t<div class=\"elementor-element elementor-element-82a115f e-con-full e-flex e-con e-child\" data-id=\"82a115f\" data-element_type=\"container\">\n\t\t\t\t<div class=\"elementor-element elementor-element-635e1dd elementor-icon-list--layout-inline elementor-align-center elementor-mobile-align-center elementor-list-item-link-full_width elementor-invisible elementor-widget elementor-widget-icon-list\" data-id=\"635e1dd\" data-element_type=\"widget\" data-settings=\"{&quot;_animation&quot;:&quot;fadeIn&quot;,&quot;_animation_delay&quot;:150}\" data-widget_type=\"icon-list.default\">\n\t\t\t\t<div class=\"elementor-widget-container\">\n\t\t\t\t\t\t\t<ul class=\"elementor-icon-list-items elementor-inline-items\">\n\t\t\t\t\t\t\t<li class=\"elementor-icon-list-item elementor-inline-item\">\n\t\t\t\t\t\t\t\t\t\t<span class=\"elementor-icon-list-text\">INICI<\/span>\n\t\t\t\t\t\t\t\t\t<\/li>\n\t\t\t\t\t\t\t\t<li class=\"elementor-icon-list-item elementor-inline-item\">\n\t\t\t\t\t\t\t\t\t\t<span class=\"elementor-icon-list-text\">Nosaltres<\/span>\n\t\t\t\t\t\t\t\t\t<\/li>\n\t\t\t\t\t\t<\/ul>\n\t\t\t\t\t\t<\/div>\n\t\t\t\t<\/div>\n\t\t\t\t<div class=\"elementor-element elementor-element-374e97a elementor-widget elementor-widget-heading\" data-id=\"374e97a\" data-element_type=\"widget\" data-widget_type=\"heading.default\">\n\t\t\t\t<div class=\"elementor-widget-container\">\n\t\t\t\t\t<h1 class=\"elementor-heading-title elementor-size-default\">Coneix-nos<\/h1>\t\t\t\t<\/div>\n\t\t\t\t<\/div>\n\t\t\t\t<\/div>\n\t\t\t\t\t<\/div>\n\t\t\t\t<\/div>\n\t\t<div class=\"elementor-element elementor-element-b6d29b1 e-flex e-con-boxed e-con e-parent\" data-id=\"b6d29b1\" data-element_type=\"container\">\n\t\t\t\t\t<div class=\"e-con-inner\">\n\t\t<div class=\"elementor-element elementor-element-8eb173c e-con-full e-flex e-con e-child\" data-id=\"8eb173c\" data-element_type=\"container\">\n\t\t\t\t<div class=\"elementor-element elementor-element-a0bb905 elementor-widget elementor-widget-image\" data-id=\"a0bb905\" data-element_type=\"widget\" data-widget_type=\"image.default\">\n\t\t\t\t<div class=\"elementor-widget-container\">\n\t\t\t\t\t\t\t\t\t\t\t\t\t\t\t<img fetchpriority=\"high\" decoding=\"async\" width=\"683\" height=\"1024\" src=\"https:\/\/naiarapuertas.com\/wp-content\/uploads\/2024\/11\/4Q6A0304-683x1024.jpeg\" class=\"attachment-large size-large wp-image-2630\" alt=\"\" srcset=\"https:\/\/naiarapuertas.com\/wp-content\/uploads\/2024\/11\/4Q6A0304-683x1024.jpeg 683w, https:\/\/naiarapuertas.com\/wp-content\/uploads\/2024\/11\/4Q6A0304-scaled-600x900.jpeg 600w, https:\/\/naiarapuertas.com\/wp-content\/uploads\/2024\/11\/4Q6A0304-200x300.jpeg 200w, https:\/\/naiarapuertas.com\/wp-content\/uploads\/2024\/11\/4Q6A0304-768x1152.jpeg 768w, https:\/\/naiarapuertas.com\/wp-content\/uploads\/2024\/11\/4Q6A0304-1024x1536.jpeg 1024w, https:\/\/naiarapuertas.com\/wp-content\/uploads\/2024\/11\/4Q6A0304-1365x2048.jpeg 1365w, https:\/\/naiarapuertas.com\/wp-content\/uploads\/2024\/11\/4Q6A0304-scaled.jpeg 1707w\" sizes=\"(max-width: 683px) 100vw, 683px\" \/>\t\t\t\t\t\t\t\t\t\t\t\t\t\t\t<\/div>\n\t\t\t\t<\/div>\n\t\t\t\t<\/div>\n\t\t<div class=\"elementor-element elementor-element-78f38e8 e-con-full e-flex e-con e-child\" data-id=\"78f38e8\" data-element_type=\"container\">\n\t\t\t\t<div class=\"elementor-element elementor-element-0496bac elementor-widget elementor-widget-heading\" data-id=\"0496bac\" data-element_type=\"widget\" data-widget_type=\"heading.default\">\n\t\t\t\t<div class=\"elementor-widget-container\">\n\t\t\t\t\t<h2 class=\"elementor-heading-title elementor-size-default\">Des del 2012 cuidant de tu.<\/h2>\t\t\t\t<\/div>\n\t\t\t\t<\/div>\n\t\t\t\t<div class=\"elementor-element elementor-element-80dddc9 elementor-widget elementor-widget-text-editor\" data-id=\"80dddc9\" data-element_type=\"widget\" data-widget_type=\"text-editor.default\">\n\t\t\t\t<div class=\"elementor-widget-container\">\n\t\t\t\t\t\t\t\t\t<p><span style=\"font-weight: 400;\">S\u00f3c Naiara Puertas, fundadora i directora d&#039;aquest centre i s\u00f3c aqu\u00ed per ajudar-te a real\u00e7ar la teva bellesa natural. Amb m\u00e9s de 20 anys d&#039;experi\u00e8ncia, m&#039;apassiona tot all\u00f2 relacionat amb l&#039;est\u00e8tica i el benestar. El meu objectiu \u00e9s oferir-te un espai on no nom\u00e9s rebis el millor tractament, sin\u00f3 tamb\u00e9 on trobis un lloc de tranquil\u00b7litat i confian\u00e7a.<\/span><\/p>\t\t\t\t\t\t\t\t<\/div>\n\t\t\t\t<\/div>\n\t\t\t\t<\/div>\n\t\t\t\t\t<\/div>\n\t\t\t\t<\/div>\n\t\t<div class=\"elementor-element elementor-element-2abd2a1 e-flex e-con-boxed e-con e-parent\" data-id=\"2abd2a1\" data-element_type=\"container\" data-settings=\"{&quot;background_background&quot;:&quot;classic&quot;}\">\n\t\t\t\t\t<div class=\"e-con-inner\">\n\t\t<div class=\"elementor-element elementor-element-ceed062 e-flex e-con-boxed e-con e-child\" data-id=\"ceed062\" data-element_type=\"container\">\n\t\t\t\t\t<div class=\"e-con-inner\">\n\t\t<div class=\"elementor-element elementor-element-67d3ef0 e-flex e-con-boxed e-con e-child\" data-id=\"67d3ef0\" data-element_type=\"container\">\n\t\t\t\t\t<div class=\"e-con-inner\">\n\t\t\t\t<div class=\"elementor-element elementor-element-7e90db5 elementor-widget elementor-widget-heading\" data-id=\"7e90db5\" data-element_type=\"widget\" data-widget_type=\"heading.default\">\n\t\t\t\t<div class=\"elementor-widget-container\">\n\t\t\t\t\t<h2 class=\"elementor-heading-title elementor-size-default\">La nostra filosofia: la bellesa i el benestar van de la m\u00e0<\/h2>\t\t\t\t<\/div>\n\t\t\t\t<\/div>\n\t\t\t\t<div class=\"elementor-element elementor-element-e31b0a5 elementor-widget elementor-widget-text-editor\" data-id=\"e31b0a5\" data-element_type=\"widget\" data-widget_type=\"text-editor.default\">\n\t\t\t\t<div class=\"elementor-widget-container\">\n\t\t\t\t\t\t\t\t\t<p><span style=\"font-weight: 400;\">Creiem que la veritable bellesa neix del benestar integral. Per aix\u00f2, a cada servei que oferim, busquem m\u00e9s que un resultat est\u00e8tic: volem que et sentis b\u00e9 amb tu mateixa, tant per dins com per fora. Aqu\u00ed trobareu un ambient c\u00e0lid i acollidor, on la vostra comoditat i satisfacci\u00f3 s\u00f3n la nostra prioritat. Quina millor manera de cuidar-te que unint est\u00e8tica i benestar?<\/span><\/p>\t\t\t\t\t\t\t\t<\/div>\n\t\t\t\t<\/div>\n\t\t\t\t\t<\/div>\n\t\t\t\t<\/div>\n\t\t\t\t\t<\/div>\n\t\t\t\t<\/div>\n\t\t\t\t\t<\/div>\n\t\t\t\t<\/div>\n\t\t<div class=\"elementor-element elementor-element-d24b51d e-flex e-con-boxed e-con e-parent\" data-id=\"d24b51d\" data-element_type=\"container\">\n\t\t\t\t\t<div class=\"e-con-inner\">\n\t\t<div class=\"elementor-element elementor-element-99799fb e-con-full e-flex e-con e-child\" data-id=\"99799fb\" data-element_type=\"container\">\n\t\t\t\t<div class=\"elementor-element elementor-element-72dfbf7 elementor-widget elementor-widget-heading\" data-id=\"72dfbf7\" data-element_type=\"widget\" data-widget_type=\"heading.default\">\n\t\t\t\t<div class=\"elementor-widget-container\">\n\t\t\t\t\t<h2 class=\"elementor-heading-title elementor-size-default\">Apassionades de la nostra feina i d&#039;aconseguir resultats<\/h2>\t\t\t\t<\/div>\n\t\t\t\t<\/div>\n\t\t\t\t<div class=\"elementor-element elementor-element-ae4e6bc elementor-widget elementor-widget-text-editor\" data-id=\"ae4e6bc\" data-element_type=\"widget\" data-widget_type=\"text-editor.default\">\n\t\t\t\t<div class=\"elementor-widget-container\">\n\t\t\t\t\t\t\t\t\t<p><span style=\"font-weight: 400;\">El nostre objectiu \u00e9s oferir-te molt m\u00e9s que un simple tractament. Volem que cada visita sigui un moment \u00fanic perqu\u00e8 et sentis renovada\/da, cuidada\/oi plena d&#039;energia. Ubicades al cor de Girona, som el teu espai de bellesa i benestar, on t&#039;oferim un tracte proper i personalitzat. <\/span><span style=\"font-weight: 400;\">T&#039;atreveixes a descobrir el millor de tu?<\/span><\/p>\t\t\t\t\t\t\t\t<\/div>\n\t\t\t\t<\/div>\n\t\t\t\t<\/div>\n\t\t<div class=\"elementor-element elementor-element-cf86e94 e-con-full e-flex e-con e-child\" data-id=\"cf86e94\" data-element_type=\"container\">\n\t\t\t\t<div class=\"elementor-element elementor-element-8f67d12 elementor-widget__width-initial elementor-widget elementor-widget-image\" data-id=\"8f67d12\" data-element_type=\"widget\" data-widget_type=\"image.default\">\n\t\t\t\t<div class=\"elementor-widget-container\">\n\t\t\t\t\t\t\t\t\t\t\t\t\t\t\t<img decoding=\"async\" width=\"683\" height=\"1024\" src=\"https:\/\/naiarapuertas.com\/wp-content\/uploads\/2025\/08\/4Q6A1922-683x1024.jpg\" class=\"attachment-large size-large wp-image-3618\" alt=\"\" srcset=\"https:\/\/naiarapuertas.com\/wp-content\/uploads\/2025\/08\/4Q6A1922-683x1024.jpg 683w, https:\/\/naiarapuertas.com\/wp-content\/uploads\/2025\/08\/4Q6A1922-scaled-600x900.jpg 600w, https:\/\/naiarapuertas.com\/wp-content\/uploads\/2025\/08\/4Q6A1922-200x300.jpg 200w, https:\/\/naiarapuertas.com\/wp-content\/uploads\/2025\/08\/4Q6A1922-768x1152.jpg 768w, https:\/\/naiarapuertas.com\/wp-content\/uploads\/2025\/08\/4Q6A1922-1024x1536.jpg 1024w, https:\/\/naiarapuertas.com\/wp-content\/uploads\/2025\/08\/4Q6A1922-1365x2048.jpg 1365w, https:\/\/naiarapuertas.com\/wp-content\/uploads\/2025\/08\/4Q6A1922-8x12.jpg 8w, https:\/\/naiarapuertas.com\/wp-content\/uploads\/2025\/08\/4Q6A1922-scaled.jpg 1707w\" sizes=\"(max-width: 683px) 100vw, 683px\" \/>\t\t\t\t\t\t\t\t\t\t\t\t\t\t\t<\/div>\n\t\t\t\t<\/div>\n\t\t\t\t<\/div>\n\t\t\t\t\t<\/div>\n\t\t\t\t<\/div>\n\t\t<div class=\"elementor-element elementor-element-5f2a211 e-flex e-con-boxed e-con e-parent\" data-id=\"5f2a211\" data-element_type=\"container\" data-settings=\"{&quot;background_background&quot;:&quot;classic&quot;}\">\n\t\t\t\t\t<div class=\"e-con-inner\">\n\t\t<div class=\"elementor-element elementor-element-f994dbd e-con-full e-flex e-con e-child\" data-id=\"f994dbd\" data-element_type=\"container\">\n\t\t\t\t<div class=\"elementor-element elementor-element-6ad8839 elementor-widget elementor-widget-image\" data-id=\"6ad8839\" data-element_type=\"widget\" data-widget_type=\"image.default\">\n\t\t\t\t<div class=\"elementor-widget-container\">\n\t\t\t\t\t\t\t\t\t\t\t\t\t\t\t<img decoding=\"async\" width=\"683\" height=\"1024\" src=\"https:\/\/naiarapuertas.com\/wp-content\/uploads\/2025\/08\/4Q6A1839-683x1024.jpg\" class=\"attachment-large size-large wp-image-3619\" alt=\"\" srcset=\"https:\/\/naiarapuertas.com\/wp-content\/uploads\/2025\/08\/4Q6A1839-683x1024.jpg 683w, https:\/\/naiarapuertas.com\/wp-content\/uploads\/2025\/08\/4Q6A1839-scaled-600x900.jpg 600w, https:\/\/naiarapuertas.com\/wp-content\/uploads\/2025\/08\/4Q6A1839-200x300.jpg 200w, https:\/\/naiarapuertas.com\/wp-content\/uploads\/2025\/08\/4Q6A1839-768x1152.jpg 768w, https:\/\/naiarapuertas.com\/wp-content\/uploads\/2025\/08\/4Q6A1839-1024x1536.jpg 1024w, https:\/\/naiarapuertas.com\/wp-content\/uploads\/2025\/08\/4Q6A1839-1365x2048.jpg 1365w, https:\/\/naiarapuertas.com\/wp-content\/uploads\/2025\/08\/4Q6A1839-8x12.jpg 8w, https:\/\/naiarapuertas.com\/wp-content\/uploads\/2025\/08\/4Q6A1839-scaled.jpg 1707w\" sizes=\"(max-width: 683px) 100vw, 683px\" \/>\t\t\t\t\t\t\t\t\t\t\t\t\t\t\t<\/div>\n\t\t\t\t<\/div>\n\t\t\t\t<\/div>\n\t\t<div class=\"elementor-element elementor-element-4a4b05b e-con-full e-flex e-con e-child\" data-id=\"4a4b05b\" data-element_type=\"container\">\n\t\t\t\t<div class=\"elementor-element elementor-element-4e62d4d elementor-widget elementor-widget-heading\" data-id=\"4e62d4d\" data-element_type=\"widget\" data-widget_type=\"heading.default\">\n\t\t\t\t<div class=\"elementor-widget-container\">\n\t\t\t\t\t<h2 class=\"elementor-heading-title elementor-size-default\">El nostre equip<\/h2>\t\t\t\t<\/div>\n\t\t\t\t<\/div>\n\t\t\t\t<div class=\"elementor-element elementor-element-9caa853 elementor-widget elementor-widget-text-editor\" data-id=\"9caa853\" data-element_type=\"widget\" data-widget_type=\"text-editor.default\">\n\t\t\t\t<div class=\"elementor-widget-container\">\n\t\t\t\t\t\t\t\t\t<p><span style=\"font-weight: 400;\">Som un equip de professionals apassionades per la bellesa i el benestar. Al nostre centre unim experi\u00e8ncia, formaci\u00f3 i proximitat per oferir-te una cura personalitzada i de qualitat.<\/span><\/p><p><span style=\"font-weight: 400;\">Estimem el que fem i treballem cada dia perqu\u00e8 et sentis b\u00e9 per dins i per fora. Per per nosaltres, el teu benestar \u00e9s la nostra prioritat.<\/span><\/p><p><span style=\"font-weight: 400;\">\u00a0Est\u00e0s a punt per viure una experi\u00e8ncia \u00fanica? <\/span><span style=\"font-weight: 400;\">T&#039;esperem amb els bra\u00e7os oberts per oferir-te un servei de qualitat, en un ambient relaxant i ple d&#039;afecte. Contacta&#039;ns i vine a gaudir del que tenim preparat per a tu!<\/span><\/p>\t\t\t\t\t\t\t\t<\/div>\n\t\t\t\t<\/div>\n\t\t\t\t<\/div>\n\t\t\t\t\t<\/div>\n\t\t\t\t<\/div>\n\t\t\t\t<\/div>","protected":false},"excerpt":{"rendered":"<p>INICI Nosaltres Coneix-nos Des del 2012 cuidant de tu. S\u00f3c Naiara Puertas, fundadora i directora d&#039;aquest centre i s\u00f3c aqu\u00ed per ajudar-te a real\u00e7ar la teva bellesa natural. Amb m\u00e9s de 20 anys d&#039;experi\u00e8ncia, m&#039;apassiona tot all\u00f2 relacionat amb l&#039;est\u00e8tica i el benestar. El meu objectiu \u00e9s oferir-te un espai on no nom\u00e9s rebis [\u2026]<\/p>","protected":false},"author":1,"featured_media":0,"parent":0,"menu_order":0,"comment_status":"closed","ping_status":"closed","template":"elementor_header_footer","meta":{"footnotes":""},"class_list":["post-123","page","type-page","status-publish","hentry"],"yoast_head":"<!-- This site is optimized with the Yoast SEO plugin v25.3 - https:\/\/yoast.com\/wordpress\/plugins\/seo\/ -->\n<title>Nosotros - Naiara Puertas - Centre de bellesa en Girona<\/title>\n<meta name=\"robots\" content=\"index, follow, max-snippet:-1, max-image-preview:large, max-video-preview:-1\" \/>\n<link rel=\"canonical\" href=\"https:\/\/naiarapuertas.com\/ca\/nosotros\/\" \/>\n<meta property=\"og:locale\" content=\"ca_ES\" \/>\n<meta property=\"og:type\" content=\"article\" \/>\n<meta property=\"og:title\" content=\"Nosotros - Naiara Puertas - Centre de bellesa en Girona\" \/>\n<meta property=\"og:description\" content=\"INICIO Nosotros Con\u00f3cenos Desde 2012 cuidando de ti. Soy Naiara Puertas, fundadora y directora de este centro, y estoy aqu\u00ed para ayudarte a realzar tu belleza natural. Con m\u00e1s de 20 a\u00f1os de experiencia, me apasiona todo lo relacionado con la est\u00e9tica y el bienestar. Mi objetivo es ofrecerte un espacio donde no solo recibas [&hellip;]\" \/>\n<meta property=\"og:url\" content=\"https:\/\/naiarapuertas.com\/ca\/nosotros\/\" \/>\n<meta property=\"og:site_name\" content=\"Naiara Puertas - Centre de bellesa en Girona\" \/>\n<meta property=\"article:modified_time\" content=\"2025-08-29T11:32:49+00:00\" \/>\n<meta property=\"og:image\" content=\"https:\/\/naiarapuertas.com\/wp-content\/uploads\/2024\/11\/4Q6A0304-scaled.jpeg\" \/>\n\t<meta property=\"og:image:width\" content=\"1707\" \/>\n\t<meta property=\"og:image:height\" content=\"2560\" \/>\n\t<meta property=\"og:image:type\" content=\"image\/jpeg\" \/>\n<meta name=\"twitter:card\" content=\"summary_large_image\" \/>\n<meta name=\"twitter:label1\" content=\"Temps estimat de lectura\" \/>\n\t<meta name=\"twitter:data1\" content=\"2 minuts\" \/>\n<script type=\"application\/ld+json\" class=\"yoast-schema-graph\">{\"@context\":\"https:\/\/schema.org\",\"@graph\":[{\"@type\":\"WebPage\",\"@id\":\"https:\/\/naiarapuertas.com\/nosotros\/\",\"url\":\"https:\/\/naiarapuertas.com\/nosotros\/\",\"name\":\"Nosotros - Naiara Puertas - Centre de bellesa en Girona\",\"isPartOf\":{\"@id\":\"https:\/\/naiarapuertas.com\/#website\"},\"primaryImageOfPage\":{\"@id\":\"https:\/\/naiarapuertas.com\/nosotros\/#primaryimage\"},\"image\":{\"@id\":\"https:\/\/naiarapuertas.com\/nosotros\/#primaryimage\"},\"thumbnailUrl\":\"https:\/\/naiarapuertas.com\/wp-content\/uploads\/2024\/11\/4Q6A0304-683x1024.jpeg\",\"datePublished\":\"2024-08-10T07:37:16+00:00\",\"dateModified\":\"2025-08-29T11:32:49+00:00\",\"breadcrumb\":{\"@id\":\"https:\/\/naiarapuertas.com\/nosotros\/#breadcrumb\"},\"inLanguage\":\"ca\",\"potentialAction\":[{\"@type\":\"ReadAction\",\"target\":[\"https:\/\/naiarapuertas.com\/nosotros\/\"]}]},{\"@type\":\"ImageObject\",\"inLanguage\":\"ca\",\"@id\":\"https:\/\/naiarapuertas.com\/nosotros\/#primaryimage\",\"url\":\"https:\/\/naiarapuertas.com\/wp-content\/uploads\/2024\/11\/4Q6A0304-683x1024.jpeg\",\"contentUrl\":\"https:\/\/naiarapuertas.com\/wp-content\/uploads\/2024\/11\/4Q6A0304-683x1024.jpeg\"},{\"@type\":\"BreadcrumbList\",\"@id\":\"https:\/\/naiarapuertas.com\/nosotros\/#breadcrumb\",\"itemListElement\":[{\"@type\":\"ListItem\",\"position\":1,\"name\":\"Portada\",\"item\":\"https:\/\/naiarapuertas.com\/\"},{\"@type\":\"ListItem\",\"position\":2,\"name\":\"Nosotros\"}]},{\"@type\":\"WebSite\",\"@id\":\"https:\/\/naiarapuertas.com\/#website\",\"url\":\"https:\/\/naiarapuertas.com\/\",\"name\":\"Naiara Puertas - Centre de bellesa en Girona\",\"description\":\"Centro de belleza especializado en maquillaje, tratamientos faciales y corporales, con grandes profesionales del sector. Ubicado en la Calle Migdia, 1 de Girona.\",\"publisher\":{\"@id\":\"https:\/\/naiarapuertas.com\/#organization\"},\"potentialAction\":[{\"@type\":\"SearchAction\",\"target\":{\"@type\":\"EntryPoint\",\"urlTemplate\":\"https:\/\/naiarapuertas.com\/?s={search_term_string}\"},\"query-input\":{\"@type\":\"PropertyValueSpecification\",\"valueRequired\":true,\"valueName\":\"search_term_string\"}}],\"inLanguage\":\"ca\"},{\"@type\":\"Organization\",\"@id\":\"https:\/\/naiarapuertas.com\/#organization\",\"name\":\"Naiara Puertas - Centre de bellesa en Girona\",\"url\":\"https:\/\/naiarapuertas.com\/\",\"logo\":{\"@type\":\"ImageObject\",\"inLanguage\":\"ca\",\"@id\":\"https:\/\/naiarapuertas.com\/#\/schema\/logo\/image\/\",\"url\":\"https:\/\/naiarapuertas.com\/wp-content\/uploads\/2024\/08\/7-scaled.png\",\"contentUrl\":\"https:\/\/naiarapuertas.com\/wp-content\/uploads\/2024\/08\/7-scaled.png\",\"width\":2560,\"height\":2560,\"caption\":\"Naiara Puertas - Centre de bellesa en Girona\"},\"image\":{\"@id\":\"https:\/\/naiarapuertas.com\/#\/schema\/logo\/image\/\"}}]}<\/script>\n<!-- \/ Yoast SEO plugin. -->","yoast_head_json":{"title":"Nosotros - Naiara Puertas - Centre de bellesa en Girona","robots":{"index":"index","follow":"follow","max-snippet":"max-snippet:-1","max-image-preview":"max-image-preview:large","max-video-preview":"max-video-preview:-1"},"canonical":"https:\/\/naiarapuertas.com\/ca\/nosotros\/","og_locale":"ca_ES","og_type":"article","og_title":"Nosotros - Naiara Puertas - Centre de bellesa en Girona","og_description":"INICIO Nosotros Con\u00f3cenos Desde 2012 cuidando de ti. Soy Naiara Puertas, fundadora y directora de este centro, y estoy aqu\u00ed para ayudarte a realzar tu belleza natural. Con m\u00e1s de 20 a\u00f1os de experiencia, me apasiona todo lo relacionado con la est\u00e9tica y el bienestar. Mi objetivo es ofrecerte un espacio donde no solo recibas [&hellip;]","og_url":"https:\/\/naiarapuertas.com\/ca\/nosotros\/","og_site_name":"Naiara Puertas - Centre de bellesa en Girona","article_modified_time":"2025-08-29T11:32:49+00:00","og_image":[{"width":1707,"height":2560,"url":"https:\/\/naiarapuertas.com\/wp-content\/uploads\/2024\/11\/4Q6A0304-scaled.jpeg","type":"image\/jpeg"}],"twitter_card":"summary_large_image","twitter_misc":{"Temps estimat de lectura":"2 minuts"},"schema":{"@context":"https:\/\/schema.org","@graph":[{"@type":"WebPage","@id":"https:\/\/naiarapuertas.com\/nosotros\/","url":"https:\/\/naiarapuertas.com\/nosotros\/","name":"Nosotros - Naiara Puertas - Centre de bellesa en Girona","isPartOf":{"@id":"https:\/\/naiarapuertas.com\/#website"},"primaryImageOfPage":{"@id":"https:\/\/naiarapuertas.com\/nosotros\/#primaryimage"},"image":{"@id":"https:\/\/naiarapuertas.com\/nosotros\/#primaryimage"},"thumbnailUrl":"https:\/\/naiarapuertas.com\/wp-content\/uploads\/2024\/11\/4Q6A0304-683x1024.jpeg","datePublished":"2024-08-10T07:37:16+00:00","dateModified":"2025-08-29T11:32:49+00:00","breadcrumb":{"@id":"https:\/\/naiarapuertas.com\/nosotros\/#breadcrumb"},"inLanguage":"ca","potentialAction":[{"@type":"ReadAction","target":["https:\/\/naiarapuertas.com\/nosotros\/"]}]},{"@type":"ImageObject","inLanguage":"ca","@id":"https:\/\/naiarapuertas.com\/nosotros\/#primaryimage","url":"https:\/\/naiarapuertas.com\/wp-content\/uploads\/2024\/11\/4Q6A0304-683x1024.jpeg","contentUrl":"https:\/\/naiarapuertas.com\/wp-content\/uploads\/2024\/11\/4Q6A0304-683x1024.jpeg"},{"@type":"BreadcrumbList","@id":"https:\/\/naiarapuertas.com\/nosotros\/#breadcrumb","itemListElement":[{"@type":"ListItem","position":1,"name":"Portada","item":"https:\/\/naiarapuertas.com\/"},{"@type":"ListItem","position":2,"name":"Nosotros"}]},{"@type":"WebSite","@id":"https:\/\/naiarapuertas.com\/#website","url":"https:\/\/naiarapuertas.com\/","name":"Naiara Puertas - Centre de bellesa en Girona","description":"Centro de belleza especializado en maquillaje, tratamientos faciales y corporales, con grandes profesionales del sector. Ubicado en la Calle Migdia, 1 de Girona.","publisher":{"@id":"https:\/\/naiarapuertas.com\/#organization"},"potentialAction":[{"@type":"SearchAction","target":{"@type":"EntryPoint","urlTemplate":"https:\/\/naiarapuertas.com\/?s={search_term_string}"},"query-input":{"@type":"PropertyValueSpecification","valueRequired":true,"valueName":"search_term_string"}}],"inLanguage":"ca"},{"@type":"Organization","@id":"https:\/\/naiarapuertas.com\/#organization","name":"Naiara Puertas - Centre de bellesa en Girona","url":"https:\/\/naiarapuertas.com\/","logo":{"@type":"ImageObject","inLanguage":"ca","@id":"https:\/\/naiarapuertas.com\/#\/schema\/logo\/image\/","url":"https:\/\/naiarapuertas.com\/wp-content\/uploads\/2024\/08\/7-scaled.png","contentUrl":"https:\/\/naiarapuertas.com\/wp-content\/uploads\/2024\/08\/7-scaled.png","width":2560,"height":2560,"caption":"Naiara Puertas - Centre de bellesa en Girona"},"image":{"@id":"https:\/\/naiarapuertas.com\/#\/schema\/logo\/image\/"}}]}},"_links":{"self":[{"href":"https:\/\/naiarapuertas.com\/ca\/wp-json\/wp\/v2\/pages\/123","targetHints":{"allow":["GET"]}}],"collection":[{"href":"https:\/\/naiarapuertas.com\/ca\/wp-json\/wp\/v2\/pages"}],"about":[{"href":"https:\/\/naiarapuertas.com\/ca\/wp-json\/wp\/v2\/types\/page"}],"author":[{"embeddable":true,"href":"https:\/\/naiarapuertas.com\/ca\/wp-json\/wp\/v2\/users\/1"}],"replies":[{"embeddable":true,"href":"https:\/\/naiarapuertas.com\/ca\/wp-json\/wp\/v2\/comments?post=123"}],"version-history":[{"count":174,"href":"https:\/\/naiarapuertas.com\/ca\/wp-json\/wp\/v2\/pages\/123\/revisions"}],"predecessor-version":[{"id":3875,"href":"https:\/\/naiarapuertas.com\/ca\/wp-json\/wp\/v2\/pages\/123\/revisions\/3875"}],"wp:attachment":[{"href":"https:\/\/naiarapuertas.com\/ca\/wp-json\/wp\/v2\/media?parent=123"}],"curies":[{"name":"wp","href":"https:\/\/api.w.org\/{rel}","templated":true}]}}