{"id":3732,"date":"2025-09-30T09:19:55","date_gmt":"2025-09-30T07:19:55","guid":{"rendered":"https:\/\/naiarapuertas.com\/?page_id=3732"},"modified":"2025-10-13T13:17:21","modified_gmt":"2025-10-13T11:17:21","slug":"politicas-de-devolucion","status":"publish","type":"page","link":"https:\/\/naiarapuertas.com\/ca\/politicas-de-devolucion\/","title":{"rendered":"Pol\u00edtiques de devoluci\u00f3"},"content":{"rendered":"<div data-elementor-type=\"wp-page\" data-elementor-id=\"3732\" class=\"elementor elementor-3732\" data-elementor-post-type=\"page\">\n\t\t\t\t<div class=\"elementor-element elementor-element-c3546ab e-flex e-con-boxed e-con e-parent\" data-id=\"c3546ab\" data-element_type=\"container\" data-settings=\"{&quot;background_background&quot;:&quot;classic&quot;}\">\n\t\t\t\t\t<div class=\"e-con-inner\">\n\t\t\t\t\t<\/div>\n\t\t\t\t<\/div>\n\t\t<div class=\"elementor-element elementor-element-90d8073 e-flex e-con-boxed e-con e-parent\" data-id=\"90d8073\" data-element_type=\"container\">\n\t\t\t\t\t<div class=\"e-con-inner\">\n\t\t\t\t<div class=\"elementor-element elementor-element-5eb550d elementor-widget elementor-widget-text-editor\" data-id=\"5eb550d\" data-element_type=\"widget\" data-widget_type=\"text-editor.default\">\n\t\t\t\t<div class=\"elementor-widget-container\">\n\t\t\t\t\t\t\t\t\t<h3>1.- CONDICIONS D&#039;\u00daS I DEVOLUCI\u00d3 DE VALS REGAL<\/h3><div>1.\u00das:<\/div><div>\u2022El val \u00e9s v\u00e0lid \u00fanicament a Naiara Puertas Centre de Bellesa.<\/div><div>\u2022Es pot bescanviar pels serveis indicats al val o per altres serveis d&#039;igual o m\u00e9s valor.<\/div><div>\u2022En cas d&#039;escollir un servei de m\u00e9s import, la difer\u00e8ncia s&#039;haur\u00e0 d&#039;abonar en el moment.<\/div><div>\u2022El val \u00e9s al portador i s&#039;ha de presentar f\u00edsicament (o en format digital, si ho fas servir aix\u00ed) per bescanviar-lo.<\/div><div>\u00a0<\/div><div>2.Validesa:<\/div><div>\u2022\u2060 \u2060El val regal t\u00e9 una caducitat d&#039;1 any a partir de la data de compra.<\/div><div>Passat aquest termini, el val perdr\u00e0 la validesa i no es podr\u00e0 bescanviar ni reemborsar.<\/div><div>3.Devolucions:<\/div><div>\u2022S&#039;admet la devoluci\u00f3 del val regal dins dels 15 dies posteriors a la compra, sempre que no hagi estat utilitzat.<\/div><div>\u2022El reemborsament es realitzar\u00e0 en el mateix m\u00e8tode de pagament emprat a la compra.<\/div><div>\u2022Passats els 15 dies, no s&#039;acceptaran devolucions ni canvis per diners.<\/div><div>4.Condicions addicionals:<\/div><div>\u2022El val no \u00e9s bescanviable per diners en efectiu.<\/div><div>\u2022No \u00e9s acumulable amb altres promocions, descomptes o vals regal.<\/div><div>\u2022Cal demanar cita pr\u00e8via per a l&#039;\u00fas del val, subjecte a disponibilitat d&#039;agenda.<\/div>\t\t\t\t\t\t\t\t<\/div>\n\t\t\t\t<\/div>\n\t\t\t\t\t<\/div>\n\t\t\t\t<\/div>\n\t\t\t\t<\/div>","protected":false},"excerpt":{"rendered":"<p>1.- CONDICIONS D&#039;\u00daS I DEVOLUCI\u00d3 DE VALS REGAL 1. \u00das: \u2022 El val \u00e9s v\u00e0lid \u00fanicament a Naiara Puertas Centre de Bellesa. \u2022 Es pot bescanviar pels serveis indicats al val o per altres serveis d&#039;igual o major valor.<\/p>","protected":false},"author":3,"featured_media":0,"parent":0,"menu_order":0,"comment_status":"closed","ping_status":"closed","template":"","meta":{"footnotes":""},"class_list":["post-3732","page","type-page","status-publish","hentry"],"yoast_head":"<!-- This site is optimized with the Yoast SEO plugin v25.3 - https:\/\/yoast.com\/wordpress\/plugins\/seo\/ -->\n<title>Pol\u00edticas de devoluci\u00f3n - Naiara Puertas - Centre de bellesa en Girona<\/title>\n<meta name=\"robots\" content=\"index, follow, max-snippet:-1, max-image-preview:large, max-video-preview:-1\" \/>\n<link rel=\"canonical\" href=\"https:\/\/naiarapuertas.com\/ca\/politicas-de-devolucion\/\" \/>\n<meta property=\"og:locale\" content=\"ca_ES\" \/>\n<meta property=\"og:type\" content=\"article\" \/>\n<meta property=\"og:title\" content=\"Pol\u00edticas de devoluci\u00f3n - Naiara Puertas - Centre de bellesa en Girona\" \/>\n<meta property=\"og:description\" content=\"1.- CONDICIONES DE USO Y DEVOLUCI\u00d3N DE VALES REGALO 1.Uso:\u2022El vale es v\u00e1lido \u00fanicamente en Naiara Puertas Centre de Bellesa.\u2022Puede canjearse por los servicios indicados en el vale o por otros servicios de igual o mayor valor.\u2022En caso de elegir un servicio de mayor importe, la diferencia deber\u00e1 abonarse en el momento.\u2022El vale es al [&hellip;]\" \/>\n<meta property=\"og:url\" content=\"https:\/\/naiarapuertas.com\/ca\/politicas-de-devolucion\/\" \/>\n<meta property=\"og:site_name\" content=\"Naiara Puertas - Centre de bellesa en Girona\" \/>\n<meta property=\"article:modified_time\" content=\"2025-10-13T11:17:21+00:00\" \/>\n<meta name=\"twitter:card\" content=\"summary_large_image\" \/>\n<meta name=\"twitter:label1\" content=\"Temps estimat de lectura\" \/>\n\t<meta name=\"twitter:data1\" content=\"1 minut\" \/>\n<script type=\"application\/ld+json\" class=\"yoast-schema-graph\">{\"@context\":\"https:\/\/schema.org\",\"@graph\":[{\"@type\":\"WebPage\",\"@id\":\"https:\/\/naiarapuertas.com\/politicas-de-devolucion\/\",\"url\":\"https:\/\/naiarapuertas.com\/politicas-de-devolucion\/\",\"name\":\"Pol\u00edticas de devoluci\u00f3n - Naiara Puertas - Centre de bellesa en Girona\",\"isPartOf\":{\"@id\":\"https:\/\/naiarapuertas.com\/#website\"},\"datePublished\":\"2025-09-30T07:19:55+00:00\",\"dateModified\":\"2025-10-13T11:17:21+00:00\",\"breadcrumb\":{\"@id\":\"https:\/\/naiarapuertas.com\/politicas-de-devolucion\/#breadcrumb\"},\"inLanguage\":\"ca\",\"potentialAction\":[{\"@type\":\"ReadAction\",\"target\":[\"https:\/\/naiarapuertas.com\/politicas-de-devolucion\/\"]}]},{\"@type\":\"BreadcrumbList\",\"@id\":\"https:\/\/naiarapuertas.com\/politicas-de-devolucion\/#breadcrumb\",\"itemListElement\":[{\"@type\":\"ListItem\",\"position\":1,\"name\":\"Portada\",\"item\":\"https:\/\/naiarapuertas.com\/\"},{\"@type\":\"ListItem\",\"position\":2,\"name\":\"Pol\u00edticas de devoluci\u00f3n\"}]},{\"@type\":\"WebSite\",\"@id\":\"https:\/\/naiarapuertas.com\/#website\",\"url\":\"https:\/\/naiarapuertas.com\/\",\"name\":\"Naiara Puertas - Centre de bellesa en Girona\",\"description\":\"Centro de belleza especializado en maquillaje, tratamientos faciales y corporales, con grandes profesionales del sector. Ubicado en la Calle Migdia, 1 de Girona.\",\"publisher\":{\"@id\":\"https:\/\/naiarapuertas.com\/#organization\"},\"potentialAction\":[{\"@type\":\"SearchAction\",\"target\":{\"@type\":\"EntryPoint\",\"urlTemplate\":\"https:\/\/naiarapuertas.com\/?s={search_term_string}\"},\"query-input\":{\"@type\":\"PropertyValueSpecification\",\"valueRequired\":true,\"valueName\":\"search_term_string\"}}],\"inLanguage\":\"ca\"},{\"@type\":\"Organization\",\"@id\":\"https:\/\/naiarapuertas.com\/#organization\",\"name\":\"Naiara Puertas - Centre de bellesa en Girona\",\"url\":\"https:\/\/naiarapuertas.com\/\",\"logo\":{\"@type\":\"ImageObject\",\"inLanguage\":\"ca\",\"@id\":\"https:\/\/naiarapuertas.com\/#\/schema\/logo\/image\/\",\"url\":\"https:\/\/naiarapuertas.com\/wp-content\/uploads\/2024\/08\/7-scaled.png\",\"contentUrl\":\"https:\/\/naiarapuertas.com\/wp-content\/uploads\/2024\/08\/7-scaled.png\",\"width\":2560,\"height\":2560,\"caption\":\"Naiara Puertas - Centre de bellesa en Girona\"},\"image\":{\"@id\":\"https:\/\/naiarapuertas.com\/#\/schema\/logo\/image\/\"}}]}<\/script>\n<!-- \/ Yoast SEO plugin. -->","yoast_head_json":{"title":"Pol\u00edticas de devoluci\u00f3n - Naiara Puertas - Centre de bellesa en Girona","robots":{"index":"index","follow":"follow","max-snippet":"max-snippet:-1","max-image-preview":"max-image-preview:large","max-video-preview":"max-video-preview:-1"},"canonical":"https:\/\/naiarapuertas.com\/ca\/politicas-de-devolucion\/","og_locale":"ca_ES","og_type":"article","og_title":"Pol\u00edticas de devoluci\u00f3n - Naiara Puertas - Centre de bellesa en Girona","og_description":"1.- CONDICIONES DE USO Y DEVOLUCI\u00d3N DE VALES REGALO 1.Uso:\u2022El vale es v\u00e1lido \u00fanicamente en Naiara Puertas Centre de Bellesa.\u2022Puede canjearse por los servicios indicados en el vale o por otros servicios de igual o mayor valor.\u2022En caso de elegir un servicio de mayor importe, la diferencia deber\u00e1 abonarse en el momento.\u2022El vale es al [&hellip;]","og_url":"https:\/\/naiarapuertas.com\/ca\/politicas-de-devolucion\/","og_site_name":"Naiara Puertas - Centre de bellesa en Girona","article_modified_time":"2025-10-13T11:17:21+00:00","twitter_card":"summary_large_image","twitter_misc":{"Temps estimat de lectura":"1 minut"},"schema":{"@context":"https:\/\/schema.org","@graph":[{"@type":"WebPage","@id":"https:\/\/naiarapuertas.com\/politicas-de-devolucion\/","url":"https:\/\/naiarapuertas.com\/politicas-de-devolucion\/","name":"Pol\u00edticas de devoluci\u00f3n - Naiara Puertas - Centre de bellesa en Girona","isPartOf":{"@id":"https:\/\/naiarapuertas.com\/#website"},"datePublished":"2025-09-30T07:19:55+00:00","dateModified":"2025-10-13T11:17:21+00:00","breadcrumb":{"@id":"https:\/\/naiarapuertas.com\/politicas-de-devolucion\/#breadcrumb"},"inLanguage":"ca","potentialAction":[{"@type":"ReadAction","target":["https:\/\/naiarapuertas.com\/politicas-de-devolucion\/"]}]},{"@type":"BreadcrumbList","@id":"https:\/\/naiarapuertas.com\/politicas-de-devolucion\/#breadcrumb","itemListElement":[{"@type":"ListItem","position":1,"name":"Portada","item":"https:\/\/naiarapuertas.com\/"},{"@type":"ListItem","position":2,"name":"Pol\u00edticas de devoluci\u00f3n"}]},{"@type":"WebSite","@id":"https:\/\/naiarapuertas.com\/#website","url":"https:\/\/naiarapuertas.com\/","name":"Naiara Puertas - Centre de bellesa en Girona","description":"Centro de belleza especializado en maquillaje, tratamientos faciales y corporales, con grandes profesionales del sector. Ubicado en la Calle Migdia, 1 de Girona.","publisher":{"@id":"https:\/\/naiarapuertas.com\/#organization"},"potentialAction":[{"@type":"SearchAction","target":{"@type":"EntryPoint","urlTemplate":"https:\/\/naiarapuertas.com\/?s={search_term_string}"},"query-input":{"@type":"PropertyValueSpecification","valueRequired":true,"valueName":"search_term_string"}}],"inLanguage":"ca"},{"@type":"Organization","@id":"https:\/\/naiarapuertas.com\/#organization","name":"Naiara Puertas - Centre de bellesa en Girona","url":"https:\/\/naiarapuertas.com\/","logo":{"@type":"ImageObject","inLanguage":"ca","@id":"https:\/\/naiarapuertas.com\/#\/schema\/logo\/image\/","url":"https:\/\/naiarapuertas.com\/wp-content\/uploads\/2024\/08\/7-scaled.png","contentUrl":"https:\/\/naiarapuertas.com\/wp-content\/uploads\/2024\/08\/7-scaled.png","width":2560,"height":2560,"caption":"Naiara Puertas - Centre de bellesa en Girona"},"image":{"@id":"https:\/\/naiarapuertas.com\/#\/schema\/logo\/image\/"}}]}},"_links":{"self":[{"href":"https:\/\/naiarapuertas.com\/ca\/wp-json\/wp\/v2\/pages\/3732","targetHints":{"allow":["GET"]}}],"collection":[{"href":"https:\/\/naiarapuertas.com\/ca\/wp-json\/wp\/v2\/pages"}],"about":[{"href":"https:\/\/naiarapuertas.com\/ca\/wp-json\/wp\/v2\/types\/page"}],"author":[{"embeddable":true,"href":"https:\/\/naiarapuertas.com\/ca\/wp-json\/wp\/v2\/users\/3"}],"replies":[{"embeddable":true,"href":"https:\/\/naiarapuertas.com\/ca\/wp-json\/wp\/v2\/comments?post=3732"}],"version-history":[{"count":11,"href":"https:\/\/naiarapuertas.com\/ca\/wp-json\/wp\/v2\/pages\/3732\/revisions"}],"predecessor-version":[{"id":3882,"href":"https:\/\/naiarapuertas.com\/ca\/wp-json\/wp\/v2\/pages\/3732\/revisions\/3882"}],"wp:attachment":[{"href":"https:\/\/naiarapuertas.com\/ca\/wp-json\/wp\/v2\/media?parent=3732"}],"curies":[{"name":"wp","href":"https:\/\/api.w.org\/{rel}","templated":true}]}}