{"id":3779,"date":"2025-09-30T14:10:14","date_gmt":"2025-09-30T12:10:14","guid":{"rendered":"https:\/\/naiarapuertas.com\/?post_type=product&#038;p=3779"},"modified":"2025-11-18T12:57:04","modified_gmt":"2025-11-18T11:57:04","slug":"tratamiento-facial-esencial","status":"publish","type":"product","link":"https:\/\/naiarapuertas.com\/ca\/producte\/tratamiento-facial-esencial\/","title":{"rendered":"Tractament Facial Essencial"},"content":{"rendered":"<p>El tractament perfecte per mantenir la teva pell saludable i ben cuidada. Neteja, exfoliaci\u00f3, m\u00e0scara i massatge facial. Dissenyat per hidratar, nodrir i calmar la teva pell.<\/p>\n<p>Durada 1h, preu 70\u20ac<img decoding=\"async\" class=\"alignleft wp-image-2644 size-thumbnail\" src=\"https:\/\/naiarapuertas.com\/wp-content\/uploads\/2024\/11\/4Q6A9993-150x150.jpeg\" alt=\"\" width=\"150\" height=\"150\" srcset=\"https:\/\/naiarapuertas.com\/wp-content\/uploads\/2024\/11\/4Q6A9993-150x150.jpeg 150w, https:\/\/naiarapuertas.com\/wp-content\/uploads\/2024\/11\/4Q6A9993-scaled-300x300.jpeg 300w, https:\/\/naiarapuertas.com\/wp-content\/uploads\/2024\/11\/4Q6A9993-scaled-100x100.jpeg 100w\" sizes=\"(max-width: 150px) 100vw, 150px\" \/><\/p>","protected":false},"excerpt":{"rendered":"<p>El tractament perfecte per mantenir la teva pell saludable i ben cuidada. Neteja, exfoliaci\u00f3, m\u00e0scara i massatge facial. Dissenyat per hidratar, nodrir i calmar la teva pell.<\/p>\n<p>Durada 1h, preu 70\u20ac<\/p>","protected":false},"featured_media":2617,"comment_status":"open","ping_status":"closed","template":"","meta":[],"product_brand":[],"product_cat":[26],"product_tag":[],"class_list":{"0":"post-3779","1":"product","2":"type-product","3":"status-publish","4":"has-post-thumbnail","6":"product_cat-sin-categorizar","8":"first","9":"instock","10":"downloadable","11":"shipping-taxable","12":"purchasable","13":"product-type-simple"},"yoast_head":"<!-- This site is optimized with the Yoast SEO plugin v25.3 - https:\/\/yoast.com\/wordpress\/plugins\/seo\/ -->\n<title>Tratamiento Facial Esencial - Naiara Puertas - Centre de bellesa en Girona<\/title>\n<meta name=\"robots\" content=\"index, follow, max-snippet:-1, max-image-preview:large, max-video-preview:-1\" \/>\n<link rel=\"canonical\" href=\"https:\/\/naiarapuertas.com\/ca\/producte\/tratamiento-facial-esencial\/\" \/>\n<meta property=\"og:locale\" content=\"ca_ES\" \/>\n<meta property=\"og:type\" content=\"article\" \/>\n<meta property=\"og:title\" content=\"Tratamiento Facial Esencial - Naiara Puertas - Centre de bellesa en Girona\" \/>\n<meta property=\"og:description\" content=\"El tratamiento perfecto para mantener tu piel saludable y bien cuidada. Limpieza, exfoliaci\u00f3n, mascarilla y masaje facial. Dise\u00f1ado para hidratar, nutrir y calmar tu piel.  Duraci\u00f3n 1h , precio 70\u20ac\" \/>\n<meta property=\"og:url\" content=\"https:\/\/naiarapuertas.com\/ca\/producte\/tratamiento-facial-esencial\/\" \/>\n<meta property=\"og:site_name\" content=\"Naiara Puertas - Centre de bellesa en Girona\" \/>\n<meta property=\"article:modified_time\" content=\"2025-11-18T11:57:04+00:00\" \/>\n<meta property=\"og:image\" content=\"https:\/\/naiarapuertas.com\/wp-content\/uploads\/2024\/11\/4Q6A0100-scaled-e1763467010344.jpeg\" \/>\n\t<meta property=\"og:image:width\" content=\"1707\" \/>\n\t<meta property=\"og:image:height\" content=\"1668\" \/>\n\t<meta property=\"og:image:type\" content=\"image\/jpeg\" \/>\n<meta name=\"twitter:card\" content=\"summary_large_image\" \/>\n<meta name=\"twitter:label1\" content=\"Temps estimat de lectura\" \/>\n\t<meta name=\"twitter:data1\" content=\"1 minut\" \/>\n<script type=\"application\/ld+json\" class=\"yoast-schema-graph\">{\"@context\":\"https:\/\/schema.org\",\"@graph\":[{\"@type\":\"WebPage\",\"@id\":\"https:\/\/naiarapuertas.com\/producto\/tratamiento-facial-esencial\/\",\"url\":\"https:\/\/naiarapuertas.com\/producto\/tratamiento-facial-esencial\/\",\"name\":\"Tratamiento Facial Esencial - Naiara Puertas - Centre de bellesa en Girona\",\"isPartOf\":{\"@id\":\"https:\/\/naiarapuertas.com\/#website\"},\"primaryImageOfPage\":{\"@id\":\"https:\/\/naiarapuertas.com\/producto\/tratamiento-facial-esencial\/#primaryimage\"},\"image\":{\"@id\":\"https:\/\/naiarapuertas.com\/producto\/tratamiento-facial-esencial\/#primaryimage\"},\"thumbnailUrl\":\"https:\/\/naiarapuertas.com\/wp-content\/uploads\/2024\/11\/4Q6A0100-scaled-e1763467010344.jpeg\",\"datePublished\":\"2025-09-30T12:10:14+00:00\",\"dateModified\":\"2025-11-18T11:57:04+00:00\",\"breadcrumb\":{\"@id\":\"https:\/\/naiarapuertas.com\/producto\/tratamiento-facial-esencial\/#breadcrumb\"},\"inLanguage\":\"ca\",\"potentialAction\":[{\"@type\":\"ReadAction\",\"target\":[\"https:\/\/naiarapuertas.com\/producto\/tratamiento-facial-esencial\/\"]}]},{\"@type\":\"ImageObject\",\"inLanguage\":\"ca\",\"@id\":\"https:\/\/naiarapuertas.com\/producto\/tratamiento-facial-esencial\/#primaryimage\",\"url\":\"https:\/\/naiarapuertas.com\/wp-content\/uploads\/2024\/11\/4Q6A0100-scaled-e1763467010344.jpeg\",\"contentUrl\":\"https:\/\/naiarapuertas.com\/wp-content\/uploads\/2024\/11\/4Q6A0100-scaled-e1763467010344.jpeg\",\"width\":1707,\"height\":1668},{\"@type\":\"BreadcrumbList\",\"@id\":\"https:\/\/naiarapuertas.com\/producto\/tratamiento-facial-esencial\/#breadcrumb\",\"itemListElement\":[{\"@type\":\"ListItem\",\"position\":1,\"name\":\"Portada\",\"item\":\"https:\/\/naiarapuertas.com\/\"},{\"@type\":\"ListItem\",\"position\":2,\"name\":\"Tienda\",\"item\":\"https:\/\/naiarapuertas.com\/tienda\/\"},{\"@type\":\"ListItem\",\"position\":3,\"name\":\"Tratamiento Facial Esencial\"}]},{\"@type\":\"WebSite\",\"@id\":\"https:\/\/naiarapuertas.com\/#website\",\"url\":\"https:\/\/naiarapuertas.com\/\",\"name\":\"Naiara Puertas - Centre de bellesa en Girona\",\"description\":\"Centro de belleza especializado en maquillaje, tratamientos faciales y corporales, con grandes profesionales del sector. Ubicado en la Calle Migdia, 1 de Girona.\",\"publisher\":{\"@id\":\"https:\/\/naiarapuertas.com\/#organization\"},\"potentialAction\":[{\"@type\":\"SearchAction\",\"target\":{\"@type\":\"EntryPoint\",\"urlTemplate\":\"https:\/\/naiarapuertas.com\/?s={search_term_string}\"},\"query-input\":{\"@type\":\"PropertyValueSpecification\",\"valueRequired\":true,\"valueName\":\"search_term_string\"}}],\"inLanguage\":\"ca\"},{\"@type\":\"Organization\",\"@id\":\"https:\/\/naiarapuertas.com\/#organization\",\"name\":\"Naiara Puertas - Centre de bellesa en Girona\",\"url\":\"https:\/\/naiarapuertas.com\/\",\"logo\":{\"@type\":\"ImageObject\",\"inLanguage\":\"ca\",\"@id\":\"https:\/\/naiarapuertas.com\/#\/schema\/logo\/image\/\",\"url\":\"https:\/\/naiarapuertas.com\/wp-content\/uploads\/2024\/08\/7-scaled.png\",\"contentUrl\":\"https:\/\/naiarapuertas.com\/wp-content\/uploads\/2024\/08\/7-scaled.png\",\"width\":2560,\"height\":2560,\"caption\":\"Naiara Puertas - Centre de bellesa en Girona\"},\"image\":{\"@id\":\"https:\/\/naiarapuertas.com\/#\/schema\/logo\/image\/\"}}]}<\/script>\n<!-- \/ Yoast SEO plugin. -->","yoast_head_json":{"title":"Tratamiento Facial Esencial - Naiara Puertas - Centre de bellesa en Girona","robots":{"index":"index","follow":"follow","max-snippet":"max-snippet:-1","max-image-preview":"max-image-preview:large","max-video-preview":"max-video-preview:-1"},"canonical":"https:\/\/naiarapuertas.com\/ca\/producte\/tratamiento-facial-esencial\/","og_locale":"ca_ES","og_type":"article","og_title":"Tratamiento Facial Esencial - Naiara Puertas - Centre de bellesa en Girona","og_description":"El tratamiento perfecto para mantener tu piel saludable y bien cuidada. Limpieza, exfoliaci\u00f3n, mascarilla y masaje facial. Dise\u00f1ado para hidratar, nutrir y calmar tu piel.  Duraci\u00f3n 1h , precio 70\u20ac","og_url":"https:\/\/naiarapuertas.com\/ca\/producte\/tratamiento-facial-esencial\/","og_site_name":"Naiara Puertas - Centre de bellesa en Girona","article_modified_time":"2025-11-18T11:57:04+00:00","og_image":[{"width":1707,"height":1668,"url":"https:\/\/naiarapuertas.com\/wp-content\/uploads\/2024\/11\/4Q6A0100-scaled-e1763467010344.jpeg","type":"image\/jpeg"}],"twitter_card":"summary_large_image","twitter_misc":{"Temps estimat de lectura":"1 minut"},"schema":{"@context":"https:\/\/schema.org","@graph":[{"@type":"WebPage","@id":"https:\/\/naiarapuertas.com\/producto\/tratamiento-facial-esencial\/","url":"https:\/\/naiarapuertas.com\/producto\/tratamiento-facial-esencial\/","name":"Tratamiento Facial Esencial - Naiara Puertas - Centre de bellesa en Girona","isPartOf":{"@id":"https:\/\/naiarapuertas.com\/#website"},"primaryImageOfPage":{"@id":"https:\/\/naiarapuertas.com\/producto\/tratamiento-facial-esencial\/#primaryimage"},"image":{"@id":"https:\/\/naiarapuertas.com\/producto\/tratamiento-facial-esencial\/#primaryimage"},"thumbnailUrl":"https:\/\/naiarapuertas.com\/wp-content\/uploads\/2024\/11\/4Q6A0100-scaled-e1763467010344.jpeg","datePublished":"2025-09-30T12:10:14+00:00","dateModified":"2025-11-18T11:57:04+00:00","breadcrumb":{"@id":"https:\/\/naiarapuertas.com\/producto\/tratamiento-facial-esencial\/#breadcrumb"},"inLanguage":"ca","potentialAction":[{"@type":"ReadAction","target":["https:\/\/naiarapuertas.com\/producto\/tratamiento-facial-esencial\/"]}]},{"@type":"ImageObject","inLanguage":"ca","@id":"https:\/\/naiarapuertas.com\/producto\/tratamiento-facial-esencial\/#primaryimage","url":"https:\/\/naiarapuertas.com\/wp-content\/uploads\/2024\/11\/4Q6A0100-scaled-e1763467010344.jpeg","contentUrl":"https:\/\/naiarapuertas.com\/wp-content\/uploads\/2024\/11\/4Q6A0100-scaled-e1763467010344.jpeg","width":1707,"height":1668},{"@type":"BreadcrumbList","@id":"https:\/\/naiarapuertas.com\/producto\/tratamiento-facial-esencial\/#breadcrumb","itemListElement":[{"@type":"ListItem","position":1,"name":"Portada","item":"https:\/\/naiarapuertas.com\/"},{"@type":"ListItem","position":2,"name":"Tienda","item":"https:\/\/naiarapuertas.com\/tienda\/"},{"@type":"ListItem","position":3,"name":"Tratamiento Facial Esencial"}]},{"@type":"WebSite","@id":"https:\/\/naiarapuertas.com\/#website","url":"https:\/\/naiarapuertas.com\/","name":"Naiara Puertas - Centre de bellesa en Girona","description":"Centro de belleza especializado en maquillaje, tratamientos faciales y corporales, con grandes profesionales del sector. Ubicado en la Calle Migdia, 1 de Girona.","publisher":{"@id":"https:\/\/naiarapuertas.com\/#organization"},"potentialAction":[{"@type":"SearchAction","target":{"@type":"EntryPoint","urlTemplate":"https:\/\/naiarapuertas.com\/?s={search_term_string}"},"query-input":{"@type":"PropertyValueSpecification","valueRequired":true,"valueName":"search_term_string"}}],"inLanguage":"ca"},{"@type":"Organization","@id":"https:\/\/naiarapuertas.com\/#organization","name":"Naiara Puertas - Centre de bellesa en Girona","url":"https:\/\/naiarapuertas.com\/","logo":{"@type":"ImageObject","inLanguage":"ca","@id":"https:\/\/naiarapuertas.com\/#\/schema\/logo\/image\/","url":"https:\/\/naiarapuertas.com\/wp-content\/uploads\/2024\/08\/7-scaled.png","contentUrl":"https:\/\/naiarapuertas.com\/wp-content\/uploads\/2024\/08\/7-scaled.png","width":2560,"height":2560,"caption":"Naiara Puertas - Centre de bellesa en Girona"},"image":{"@id":"https:\/\/naiarapuertas.com\/#\/schema\/logo\/image\/"}}]}},"_links":{"self":[{"href":"https:\/\/naiarapuertas.com\/ca\/wp-json\/wp\/v2\/product\/3779","targetHints":{"allow":["GET"]}}],"collection":[{"href":"https:\/\/naiarapuertas.com\/ca\/wp-json\/wp\/v2\/product"}],"about":[{"href":"https:\/\/naiarapuertas.com\/ca\/wp-json\/wp\/v2\/types\/product"}],"replies":[{"embeddable":true,"href":"https:\/\/naiarapuertas.com\/ca\/wp-json\/wp\/v2\/comments?post=3779"}],"wp:featuredmedia":[{"embeddable":true,"href":"https:\/\/naiarapuertas.com\/ca\/wp-json\/wp\/v2\/media\/2617"}],"wp:attachment":[{"href":"https:\/\/naiarapuertas.com\/ca\/wp-json\/wp\/v2\/media?parent=3779"}],"wp:term":[{"taxonomy":"product_brand","embeddable":true,"href":"https:\/\/naiarapuertas.com\/ca\/wp-json\/wp\/v2\/product_brand?post=3779"},{"taxonomy":"product_cat","embeddable":true,"href":"https:\/\/naiarapuertas.com\/ca\/wp-json\/wp\/v2\/product_cat?post=3779"},{"taxonomy":"product_tag","embeddable":true,"href":"https:\/\/naiarapuertas.com\/ca\/wp-json\/wp\/v2\/product_tag?post=3779"}],"curies":[{"name":"wp","href":"https:\/\/api.w.org\/{rel}","templated":true}]}}